{"id":533,"date":"2025-06-15T16:50:33","date_gmt":"2025-06-15T14:50:33","guid":{"rendered":"https:\/\/www.pizzeriagallus.com\/jedilni-list\/"},"modified":"2025-06-15T17:19:55","modified_gmt":"2025-06-15T15:19:55","slug":"menu","status":"publish","type":"page","link":"https:\/\/www.pizzeriagallus.com\/en\/menu\/","title":{"rendered":"Menu"},"content":{"rendered":"<p>[et_pb_section fb_built=&#8221;1&#8243; admin_label=&#8221;Header&#8221; _builder_version=&#8221;4.17.4&#8243; _module_preset=&#8221;default&#8221; background_color=&#8221;#f3efd5&#8243; overflow-x=&#8221;hidden&#8221; overflow-y=&#8221;hidden&#8221; custom_padding=&#8221;||0px||false|false&#8221; locked=&#8221;off&#8221; collapsed=&#8221;off&#8221; global_colors_info=&#8221;{}&#8221;][et_pb_row column_structure=&#8221;3_5,2_5&#8243; _builder_version=&#8221;4.17.4&#8243; _module_preset=&#8221;default&#8221; z_index=&#8221;10&#8243; custom_margin=&#8221;||||false|false&#8221; global_colors_info=&#8221;{}&#8221;][et_pb_column type=&#8221;3_5&#8243; _builder_version=&#8221;4.17.4&#8243; _module_preset=&#8221;default&#8221; global_colors_info=&#8221;{}&#8221;][et_pb_text admin_label=&#8221;Menu&#8221; _builder_version=&#8221;4.27.4&#8243; _module_preset=&#8221;default&#8221; header_font=&#8221;|700|||||||&#8221; header_text_align=&#8221;left&#8221; header_text_color=&#8221;#b69c71&#8243; header_font_size=&#8221;96px&#8221; header_line_height=&#8221;0.9em&#8221; header_text_color_tablet=&#8221;#b69c71&#8243; header_text_color_phone=&#8221;#b69c71&#8243; header_text_color_last_edited=&#8221;on|desktop&#8221; header_font_size_tablet=&#8221;50px&#8221; header_font_size_phone=&#8221;36px&#8221; header_font_size_last_edited=&#8221;on|phone&#8221; global_colors_info=&#8221;{}&#8221;]<\/p>\n<h1>Menu<\/h1>\n<p>[\/et_pb_text][et_pb_button button_text=&#8221;Download Menu&#8221; _builder_version=&#8221;4.27.4&#8243; _module_preset=&#8221;default&#8221; button_url=&#8221;https:\/\/www.pizzeriagallus.com\/wp-content\/uploads\/2025\/06\/Jedilini-list-Pizzeria-Gallus-2025.pdf&#8221; url_new_window=&#8221;on&#8221; custom_button=&#8221;on&#8221; button_border_radius=&#8221;50px&#8221; hover_enabled=&#8221;0&#8243; sticky_enabled=&#8221;0&#8243; button_text_color=&#8221;#635942&#8243; locked=&#8221;off&#8221;][\/et_pb_button][\/et_pb_column][et_pb_column type=&#8221;2_5&#8243; _builder_version=&#8221;4.17.4&#8243; _module_preset=&#8221;default&#8221; global_colors_info=&#8221;{}&#8221;][et_pb_image src=&#8221;https:\/\/www.pizzeriagallus.com\/wp-content\/uploads\/2022\/07\/pizzeria-gallus-bled-kulinarika-350-350.jpg&#8221; title_text=&#8221;pizzeria gallus bled kulinarika 350 350&#8243; align_last_edited=&#8221;off|tablet&#8221; _builder_version=&#8221;4.27.4&#8243; _module_preset=&#8221;default&#8221; width_tablet=&#8221;60%&#8221; width_phone=&#8221;60%&#8221; width_last_edited=&#8221;on|tablet&#8221; max_height=&#8221;600px&#8221; custom_margin=&#8221;|-20vw||10vw|false|false&#8221; custom_margin_tablet=&#8221;|0vw||0vw|false|false&#8221; custom_margin_phone=&#8221;|0vw||0vw|false|false&#8221; custom_margin_last_edited=&#8221;on|tablet&#8221; module_alignment_tablet=&#8221;right&#8221; module_alignment_phone=&#8221;right&#8221; module_alignment_last_edited=&#8221;on|tablet&#8221; border_radii=&#8221;on|400px|400px|400px|400px&#8221; border_width_all=&#8221;1vw&#8221; border_color_all=&#8221;RGBA(255,255,255,0)&#8221; border_width_all_tablet=&#8221;2vw&#8221; border_width_all_phone=&#8221;2vw&#8221; border_width_all_last_edited=&#8221;on|phone&#8221; box_shadow_style=&#8221;preset1&#8243; box_shadow_vertical=&#8221;0px&#8221; box_shadow_blur=&#8221;0px&#8221; box_shadow_spread=&#8221;10px&#8221; box_shadow_color=&#8221;#635942&#8243; locked=&#8221;off&#8221; global_colors_info=&#8221;{}&#8221;][\/et_pb_image][\/et_pb_column][\/et_pb_row][et_pb_row _builder_version=&#8221;4.17.4&#8243; _module_preset=&#8221;default&#8221; positioning=&#8221;absolute&#8221; position_origin_a=&#8221;bottom_center&#8221; width=&#8221;100%&#8221; max_width=&#8221;100%&#8221; custom_padding=&#8221;||0px||false|false&#8221; global_colors_info=&#8221;{}&#8221;][et_pb_column type=&#8221;4_4&#8243; _builder_version=&#8221;4.17.4&#8243; _module_preset=&#8221;default&#8221; global_colors_info=&#8221;{}&#8221;][et_pb_image src=&#8221;https:\/\/www.pizzeriagallus.com\/wp-content\/uploads\/2022\/07\/brush-bg-01d.png&#8221; title_text=&#8221;brush-bg-01d&#8221; force_fullwidth=&#8221;on&#8221; _builder_version=&#8221;4.17.4&#8243; _module_preset=&#8221;default&#8221; custom_margin=&#8221;||||false|false&#8221; global_colors_info=&#8221;{}&#8221;][\/et_pb_image][\/et_pb_column][\/et_pb_row][\/et_pb_section][et_pb_section fb_built=&#8221;1&#8243; _builder_version=&#8221;4.27.4&#8243; _module_preset=&#8221;default&#8221; global_colors_info=&#8221;{}&#8221;][et_pb_row _builder_version=&#8221;4.27.4&#8243; _module_preset=&#8221;default&#8221; global_colors_info=&#8221;{}&#8221;][et_pb_column type=&#8221;4_4&#8243; _builder_version=&#8221;4.27.4&#8243; _module_preset=&#8221;default&#8221; global_colors_info=&#8221;{}&#8221;][et_pb_image src=&#8221;https:\/\/www.pizzeriagallus.com\/wp-content\/uploads\/2025\/06\/Jedilini-list-Pizzeria-Gallus-2025-brez-cen_1.webp&#8221; title_text=&#8221;Jedilini list Pizzeria Gallus 2025 brez cen_1&#8243; align=&#8221;center&#8221; admin_label=&#8221;1&#8243; _builder_version=&#8221;4.27.4&#8243; _module_preset=&#8221;default&#8221; global_colors_info=&#8221;{}&#8221;][\/et_pb_image][et_pb_image src=&#8221;https:\/\/www.pizzeriagallus.com\/wp-content\/uploads\/2025\/06\/Jedilini-list-Pizzeria-Gallus-2025-brez-cen_2.webp&#8221; title_text=&#8221;Jedilini list Pizzeria Gallus 2025 brez cen_2&#8243; align=&#8221;center&#8221; admin_label=&#8221;2&#8243; _builder_version=&#8221;4.27.4&#8243; _module_preset=&#8221;default&#8221; global_colors_info=&#8221;{}&#8221;][\/et_pb_image][et_pb_image src=&#8221;https:\/\/www.pizzeriagallus.com\/wp-content\/uploads\/2025\/06\/Jedilini-list-Pizzeria-Gallus-2025-brez-cen_3.webp&#8221; title_text=&#8221;Jedilini list Pizzeria Gallus 2025 brez cen_3&#8243; align=&#8221;center&#8221; admin_label=&#8221;3&#8243; _builder_version=&#8221;4.27.4&#8243; _module_preset=&#8221;default&#8221; global_colors_info=&#8221;{}&#8221;][\/et_pb_image][et_pb_image src=&#8221;https:\/\/www.pizzeriagallus.com\/wp-content\/uploads\/2025\/06\/Jedilini-list-Pizzeria-Gallus-2025-brez-cen_4.webp&#8221; title_text=&#8221;Jedilini list Pizzeria Gallus 2025 brez cen_4&#8243; align=&#8221;center&#8221; admin_label=&#8221;4&#8243; _builder_version=&#8221;4.27.4&#8243; _module_preset=&#8221;default&#8221; global_colors_info=&#8221;{}&#8221;][\/et_pb_image][et_pb_image src=&#8221;https:\/\/www.pizzeriagallus.com\/wp-content\/uploads\/2025\/06\/Jedilini-list-Pizzeria-Gallus-2025-brez-cen_5.webp&#8221; title_text=&#8221;Jedilini list Pizzeria Gallus 2025 brez cen_5&#8243; align=&#8221;center&#8221; admin_label=&#8221;5&#8243; _builder_version=&#8221;4.27.4&#8243; _module_preset=&#8221;default&#8221; global_colors_info=&#8221;{}&#8221;][\/et_pb_image][et_pb_image src=&#8221;https:\/\/www.pizzeriagallus.com\/wp-content\/uploads\/2025\/06\/Jedilini-list-Pizzeria-Gallus-2025-brez-cen_6.webp&#8221; title_text=&#8221;Jedilini list Pizzeria Gallus 2025 brez cen_6&#8243; align=&#8221;center&#8221; admin_label=&#8221;6&#8243; _builder_version=&#8221;4.27.4&#8243; _module_preset=&#8221;default&#8221; global_colors_info=&#8221;{}&#8221;][\/et_pb_image][et_pb_image src=&#8221;https:\/\/www.pizzeriagallus.com\/wp-content\/uploads\/2025\/06\/Jedilini-list-Pizzeria-Gallus-2025-brez-cen_7.webp&#8221; title_text=&#8221;Jedilini list Pizzeria Gallus 2025 brez cen_7&#8243; align=&#8221;center&#8221; admin_label=&#8221;7&#8243; _builder_version=&#8221;4.27.4&#8243; _module_preset=&#8221;default&#8221; global_colors_info=&#8221;{}&#8221;][\/et_pb_image][et_pb_image src=&#8221;https:\/\/www.pizzeriagallus.com\/wp-content\/uploads\/2025\/06\/Jedilini-list-Pizzeria-Gallus-2025-brez-cen_8.webp&#8221; title_text=&#8221;Jedilini list Pizzeria Gallus 2025 brez cen_8&#8243; align=&#8221;center&#8221; admin_label=&#8221;8&#8243; _builder_version=&#8221;4.27.4&#8243; _module_preset=&#8221;default&#8221; global_colors_info=&#8221;{}&#8221;][\/et_pb_image][et_pb_image src=&#8221;https:\/\/www.pizzeriagallus.com\/wp-content\/uploads\/2025\/06\/Jedilini-list-Pizzeria-Gallus-2025-brez-cen_9.webp&#8221; title_text=&#8221;Jedilini list Pizzeria Gallus 2025 brez cen_9&#8243; align=&#8221;center&#8221; admin_label=&#8221;9&#8243; _builder_version=&#8221;4.27.4&#8243; _module_preset=&#8221;default&#8221; global_colors_info=&#8221;{}&#8221;][\/et_pb_image][et_pb_image src=&#8221;https:\/\/www.pizzeriagallus.com\/wp-content\/uploads\/2025\/06\/Jedilini-list-Pizzeria-Gallus-2025-brez-cen_10.webp&#8221; title_text=&#8221;Jedilini list Pizzeria Gallus 2025 brez cen_10&#8243; align=&#8221;center&#8221; admin_label=&#8221;10&#8243; _builder_version=&#8221;4.27.4&#8243; _module_preset=&#8221;default&#8221; global_colors_info=&#8221;{}&#8221;][\/et_pb_image][et_pb_image src=&#8221;https:\/\/www.pizzeriagallus.com\/wp-content\/uploads\/2025\/06\/Jedilini-list-Pizzeria-Gallus-2025-brez-cen_11.webp&#8221; title_text=&#8221;Jedilini list Pizzeria Gallus 2025 brez cen_11&#8243; align=&#8221;center&#8221; admin_label=&#8221;11&#8243; _builder_version=&#8221;4.27.4&#8243; _module_preset=&#8221;default&#8221; global_colors_info=&#8221;{}&#8221;][\/et_pb_image][et_pb_image src=&#8221;https:\/\/www.pizzeriagallus.com\/wp-content\/uploads\/2025\/06\/Jedilini-list-Pizzeria-Gallus-2025-brez-cen_12.webp&#8221; title_text=&#8221;Jedilini list Pizzeria Gallus 2025 brez cen_12&#8243; align=&#8221;center&#8221; admin_label=&#8221;12&#8243; _builder_version=&#8221;4.27.4&#8243; _module_preset=&#8221;default&#8221; global_colors_info=&#8221;{}&#8221;][\/et_pb_image][\/et_pb_column][\/et_pb_row][\/et_pb_section][et_pb_section fb_built=&#8221;1&#8243; _builder_version=&#8221;4.27.4&#8243; _module_preset=&#8221;default&#8221; background_color=&#8221;#635942&#8243; custom_padding=&#8221;72px||3px|||&#8221; border_color_all=&#8221;#D2AE4C&#8221; border_width_top=&#8221;5px&#8221; border_color_top=&#8221;#B69C71&#8243; saved_tabs=&#8221;all&#8221; locked=&#8221;off&#8221; global_colors_info=&#8221;{}&#8221;][et_pb_row column_structure=&#8221;1_3,1_3,1_3&#8243; use_custom_gutter=&#8221;on&#8221; _builder_version=&#8221;4.27.4&#8243; _module_preset=&#8221;default&#8221; width=&#8221;95%&#8221; width_tablet=&#8221;90%&#8221; width_phone=&#8221;85%&#8221; width_last_edited=&#8221;on|phone&#8221; custom_padding=&#8221;0px|||||&#8221; global_colors_info=&#8221;{}&#8221;][et_pb_column type=&#8221;1_3&#8243; _builder_version=&#8221;4.16&#8243; _module_preset=&#8221;default&#8221; global_colors_info=&#8221;{}&#8221;][et_pb_image src=&#8221;https:\/\/www.pizzeriagallus.com\/wp-content\/uploads\/2022\/06\/logo-pizzeria-gallus-150.png&#8221; title_text=&#8221;logo pizzeria gallus 150&#8243; url=&#8221;@ET-DC@eyJkeW5hbWljIjp0cnVlLCJjb250ZW50IjoiaG9tZV91cmwiLCJzZXR0aW5ncyI6e319@&#8221; align_tablet=&#8221;&#8221; align_phone=&#8221;center&#8221; align_last_edited=&#8221;on|tablet&#8221; admin_label=&#8221;Logo&#8221; _builder_version=&#8221;4.27.4&#8243; _dynamic_attributes=&#8221;url&#8221; _module_preset=&#8221;default&#8221; global_colors_info=&#8221;{}&#8221;][\/et_pb_image][\/et_pb_column][et_pb_column type=&#8221;1_3&#8243; _builder_version=&#8221;4.16&#8243; _module_preset=&#8221;default&#8221; global_colors_info=&#8221;{}&#8221;][et_pb_text admin_label=&#8221;Naslov&#8221; _builder_version=&#8221;4.27.4&#8243; _module_preset=&#8221;e4cc7b72-8627-470d-a040-ce303fbe260c&#8221; text_text_color=&#8221;#FFFFFF&#8221; header_3_font=&#8221;|700|||||||&#8221; header_3_text_color=&#8221;#FFFFFF&#8221; header_3_font_size=&#8221;20px&#8221; custom_margin=&#8221;||10px||false|false&#8221; header_3_font_tablet=&#8221;&#8221; header_3_font_phone=&#8221;&#8221; header_3_font_last_edited=&#8221;on|phone&#8221; header_3_font_size_tablet=&#8221;18px&#8221; header_3_font_size_phone=&#8221;18px&#8221; header_3_font_size_last_edited=&#8221;on|desktop&#8221; global_colors_info=&#8221;{}&#8221;]<\/p>\n<h3>Naslov<\/h3>\n<p>[\/et_pb_text][et_pb_text module_class=&#8221;dhc-footer-links&#8221; _builder_version=&#8221;4.27.4&#8243; _module_preset=&#8221;e4cc7b72-8627-470d-a040-ce303fbe260c&#8221; text_text_color=&#8221;#FFFFFF&#8221; text_font_size=&#8221;14px&#8221; link_font=&#8221;|||||||#D2AE4C|&#8221; link_text_color=&#8221;#FFFFFF&#8221; link_font_size=&#8221;14px&#8221; global_colors_info=&#8221;{}&#8221; link_text_color__hover_enabled=&#8221;on|hover&#8221; link_text_color__hover=&#8221;#D2AE4C&#8221;]<\/p>\n<p>FUTURUS d.o.o.<br \/>P.E. TC Bled,<br \/>Ljubljanska cesta 4<br \/>4260 Bled &#8211; Slovenija &#8211; EU<br \/>Dav\u010dna \u0161tevilka: SI26546574<br \/>Mati\u010dna \u0161tevilka: 2258633000<\/p>\n<p>[\/et_pb_text][et_pb_text module_class=&#8221;dhc-footer-links&#8221; _builder_version=&#8221;4.27.4&#8243; _module_preset=&#8221;e4cc7b72-8627-470d-a040-ce303fbe260c&#8221; text_text_color=&#8221;#FFFFFF&#8221; text_font_size=&#8221;14px&#8221; link_font=&#8221;|||||||#D2AE4C|&#8221; link_text_color=&#8221;#FFFFFF&#8221; link_text_color_last_edited=&#8221;off|desktop&#8221; locked=&#8221;off&#8221; global_colors_info=&#8221;{}&#8221; link_text_color__hover_enabled=&#8221;on|hover&#8221; link_text_color__hover=&#8221;#D2AE4C&#8221;]+386 4 57 43 299[\/et_pb_text][\/et_pb_column][et_pb_column type=&#8221;1_3&#8243; _builder_version=&#8221;4.16&#8243; _module_preset=&#8221;default&#8221; global_colors_info=&#8221;{}&#8221;][et_pb_text admin_label=&#8221;Naslov&#8221; _builder_version=&#8221;4.27.4&#8243; _module_preset=&#8221;e4cc7b72-8627-470d-a040-ce303fbe260c&#8221; text_text_color=&#8221;#FFFFFF&#8221; header_3_font=&#8221;|700|||||||&#8221; header_3_text_color=&#8221;#FFFFFF&#8221; header_3_font_size=&#8221;20px&#8221; custom_margin=&#8221;||10px||false|false&#8221; header_3_font_tablet=&#8221;&#8221; header_3_font_phone=&#8221;&#8221; header_3_font_last_edited=&#8221;on|phone&#8221; header_3_font_size_tablet=&#8221;18px&#8221; header_3_font_size_phone=&#8221;18px&#8221; header_3_font_size_last_edited=&#8221;on|desktop&#8221; locked=&#8221;off&#8221; global_colors_info=&#8221;{}&#8221;]<\/p>\n<h3>Delovni \u010das<\/h3>\n<p>[\/et_pb_text][dsm_business_hours separator_style=&#8221;dotted&#8221; separator_color=&#8221;#FFFFFF&#8221; _builder_version=&#8221;4.27.4&#8243; _module_preset=&#8221;default&#8221; text_text_color=&#8221;#FFFFFF&#8221; time_text_color=&#8221;#FFFFFF&#8221; global_colors_info=&#8221;{}&#8221;][dsm_business_hours_child time=&#8221;12:00 &#8211; 22:00&#8243; title=&#8221;Ponedeljek &#8221; _builder_version=&#8221;4.27.4&#8243; _module_preset=&#8221;default&#8221; global_colors_info=&#8221;{}&#8221;][\/dsm_business_hours_child][dsm_business_hours_child time=&#8221;12:00 &#8211; 22:00&#8243; title=&#8221;Torek&#8221; _builder_version=&#8221;4.21.0&#8243; _module_preset=&#8221;default&#8221; global_colors_info=&#8221;{}&#8221;][\/dsm_business_hours_child][dsm_business_hours_child time=&#8221;12:00 &#8211; 22:00&#8243; title=&#8221;Sreda&#8221; _builder_version=&#8221;4.21.0&#8243; _module_preset=&#8221;default&#8221; global_colors_info=&#8221;{}&#8221;][\/dsm_business_hours_child][dsm_business_hours_child time=&#8221;12:00 &#8211; 22:00&#8243; title=&#8221;\u010cetrtek&#8221; _builder_version=&#8221;4.21.0&#8243; _module_preset=&#8221;default&#8221; global_colors_info=&#8221;{}&#8221;][\/dsm_business_hours_child][dsm_business_hours_child time=&#8221;12:00 &#8211; 22:00&#8243; title=&#8221;Petek&#8221; _builder_version=&#8221;4.21.0&#8243; _module_preset=&#8221;default&#8221; global_colors_info=&#8221;{}&#8221;][\/dsm_business_hours_child][dsm_business_hours_child time=&#8221;12:00 &#8211; 23:00&#8243; title=&#8221;Sobota&#8221; _builder_version=&#8221;4.21.0&#8243; _module_preset=&#8221;default&#8221; global_colors_info=&#8221;{}&#8221;][\/dsm_business_hours_child][dsm_business_hours_child time=&#8221;12:00 &#8211; 23:00&#8243; title=&#8221;Nedelja&#8221; _builder_version=&#8221;4.21.0&#8243; _module_preset=&#8221;default&#8221; global_colors_info=&#8221;{}&#8221;][\/dsm_business_hours_child][\/dsm_business_hours][\/et_pb_column][\/et_pb_row][et_pb_row column_structure=&#8221;1_2,1_2&#8243; use_custom_gutter=&#8221;on&#8221; _builder_version=&#8221;4.27.4&#8243; _module_preset=&#8221;default&#8221; width=&#8221;95%&#8221; width_tablet=&#8221;90%&#8221; width_phone=&#8221;85%&#8221; width_last_edited=&#8221;on|desktop&#8221; custom_padding=&#8221;||0px|||&#8221; border_color_all=&#8221;#10B2E7&#8243; border_width_top=&#8221;2px&#8221; border_color_top=&#8221;rgba(182,156,113,0.28)&#8221; global_colors_info=&#8221;{}&#8221; border_color_top__hover_enabled=&#8221;on|hover&#8221; border_color_top__hover=&#8221;rgba(182,156,113,0.28)&#8221;][et_pb_column type=&#8221;1_2&#8243; _builder_version=&#8221;4.27.4&#8243; _module_preset=&#8221;default&#8221; global_colors_info=&#8221;{}&#8221;][et_pb_text admin_label=&#8221;Pravno obvestilo&#8221; _builder_version=&#8221;4.27.4&#8243; _module_preset=&#8221;e4cc7b72-8627-470d-a040-ce303fbe260c&#8221; text_text_color=&#8221;#FFFFFF&#8221; text_font_size=&#8221;12px&#8221; link_font=&#8221;|700||||||#FFFFFF|&#8221; link_text_color=&#8221;#FFFFFF&#8221; text_orientation_tablet=&#8221;center&#8221; text_orientation_phone=&#8221;&#8221; text_orientation_last_edited=&#8221;on|tablet&#8221; global_colors_info=&#8221;{}&#8221; link_font_size__hover_enabled=&#8221;on|desktop&#8221; link_text_color__hover_enabled=&#8221;on|hover&#8221; link_text_color__hover=&#8221;#B69C71&#8243;]<\/p>\n<p>\u00a9 2025 <strong>Futurus d.o.o.<\/strong> &#8211; <a href=\"https:\/\/www.pizzeriagallus.com\/en\/legal-notice\/\" target=\"_blank\" rel=\"noopener\">Pravno obvestilo<\/a><\/p>\n<p>[\/et_pb_text][\/et_pb_column][et_pb_column type=&#8221;1_2&#8243; _builder_version=&#8221;4.16&#8243; _module_preset=&#8221;default&#8221; global_colors_info=&#8221;{}&#8221;][et_pb_text admin_label=&#8221;Futuro&#8221; _builder_version=&#8221;4.27.4&#8243; _module_preset=&#8221;e4cc7b72-8627-470d-a040-ce303fbe260c&#8221; text_text_color=&#8221;#FFFFFF&#8221; text_font_size=&#8221;12px&#8221; text_orientation=&#8221;right&#8221; text_orientation_tablet=&#8221;center&#8221; text_orientation_phone=&#8221;&#8221; text_orientation_last_edited=&#8221;on|desktop&#8221; global_colors_info=&#8221;{}&#8221;]<\/p>\n<p>Produkcija: <a href=\"http:\/\/www.futuro.si\/\" target=\"_blank\" rel=\"noopener\"><img loading=\"lazy\" decoding=\"async\" src=\"https:\/\/www.pizzeriagallus.com\/wp-content\/uploads\/2025\/05\/Futruto-izdelava-spletnih-strani-logo-2023-copy.png\" width=\"75\" height=\"12\" alt=\"\" class=\"wp-image-173 alignnone size-full\" \/><\/a><\/p>\n<p>&nbsp;<\/p>\n<p>[\/et_pb_text][\/et_pb_column][\/et_pb_row][\/et_pb_section]<\/p>\n","protected":false},"excerpt":{"rendered":"<p>MenuNaslovFUTURUS d.o.o.P.E. TC Bled,Ljubljanska cesta 44260 Bled &#8211; Slovenija &#8211; EUDav\u010dna \u0161tevilka: SI26546574Mati\u010dna \u0161tevilka: 2258633000+386 4 57 43 299Delovni \u010das<div class=\"et_pb_module dsm_business_hours dsm_business_hours_0\">\n\t\t\t\t\n\t\t\t\t\n\t\t\t\t\n\t\t\t\t\n\t\t\t\t\n\t\t\t\t\n\t\t\t\t<div class=\"et_pb_module_inner\">\n\t\t\t\t\t<div class=\"et_pb_module dsm_business_hours_child dsm_business_hours_child_0\">\n\t\t\t\t\n\t\t\t\t\n\t\t\t\t\n\t\t\t\t\n\t\t\t\t\n\t\t\t\t\n\t\t\t\t<div class=\"et_pb_module_inner\">\n\t\t\t\t\t\n\t\t\t\n\t\t\t<div class=\"dsm_business_hours_item_wrapper\">\n\t\t\t\t<div class=\"dsm-business-hours-header\">\n\t\t\t\t\t<div class=\"dsm-business-hours-day\">Ponedeljek <\/div>\n\t\t\t\t\t<div class=\"dsm-business-hours-separator\"><\/div>\n\t\t\t\t\t<div class=\"dsm-business-hours-time\">12:00 - 22:00<\/div>\n\t\t\t\t<\/div>\n\t\t\t<\/div>\n\t\t\t\t<\/div>\n\t\t\t<\/div><div class=\"et_pb_module dsm_business_hours_child dsm_business_hours_child_1\">\n\t\t\t\t\n\t\t\t\t\n\t\t\t\t\n\t\t\t\t\n\t\t\t\t\n\t\t\t\t\n\t\t\t\t<div class=\"et_pb_module_inner\">\n\t\t\t\t\t\n\t\t\t\n\t\t\t<div class=\"dsm_business_hours_item_wrapper\">\n\t\t\t\t<div class=\"dsm-business-hours-header\">\n\t\t\t\t\t<div class=\"dsm-business-hours-day\">Torek<\/div>\n\t\t\t\t\t<div class=\"dsm-business-hours-separator\"><\/div>\n\t\t\t\t\t<div class=\"dsm-business-hours-time\">12:00 - 22:00<\/div>\n\t\t\t\t<\/div>\n\t\t\t<\/div>\n\t\t\t\t<\/div>\n\t\t\t<\/div><div class=\"et_pb_module dsm_business_hours_child dsm_business_hours_child_2\">\n\t\t\t\t\n\t\t\t\t\n\t\t\t\t\n\t\t\t\t\n\t\t\t\t\n\t\t\t\t\n\t\t\t\t<div class=\"et_pb_module_inner\">\n\t\t\t\t\t\n\t\t\t\n\t\t\t<div class=\"dsm_business_hours_item_wrapper\">\n\t\t\t\t<div class=\"dsm-business-hours-header\">\n\t\t\t\t\t<div class=\"dsm-business-hours-day\">Sreda<\/div>\n\t\t\t\t\t<div class=\"dsm-business-hours-separator\"><\/div>\n\t\t\t\t\t<div class=\"dsm-business-hours-time\">12:00 - 22:00<\/div>\n\t\t\t\t<\/div>\n\t\t\t<\/div>\n\t\t\t\t<\/div>\n\t\t\t<\/div><div class=\"et_pb_module dsm_business_hours_child dsm_business_hours_child_3\">\n\t\t\t\t\n\t\t\t\t\n\t\t\t\t\n\t\t\t\t\n\t\t\t\t\n\t\t\t\t\n\t\t\t\t<div class=\"et_pb_module_inner\">\n\t\t\t\t\t\n\t\t\t\n\t\t\t<div class=\"dsm_business_hours_item_wrapper\">\n\t\t\t\t<div class=\"dsm-business-hours-header\">\n\t\t\t\t\t<div class=\"dsm-business-hours-day\">\u010cetrtek<\/div>\n\t\t\t\t\t<div class=\"dsm-business-hours-separator\"><\/div>\n\t\t\t\t\t<div class=\"dsm-business-hours-time\">12:00 - 22:00<\/div>\n\t\t\t\t<\/div>\n\t\t\t<\/div>\n\t\t\t\t<\/div>\n\t\t\t<\/div><div class=\"et_pb_module dsm_business_hours_child dsm_business_hours_child_4\">\n\t\t\t\t\n\t\t\t\t\n\t\t\t\t\n\t\t\t\t\n\t\t\t\t\n\t\t\t\t\n\t\t\t\t<div class=\"et_pb_module_inner\">\n\t\t\t\t\t\n\t\t\t\n\t\t\t<div class=\"dsm_business_hours_item_wrapper\">\n\t\t\t\t<div class=\"dsm-business-hours-header\">\n\t\t\t\t\t<div class=\"dsm-business-hours-day\">Petek<\/div>\n\t\t\t\t\t<div class=\"dsm-business-hours-separator\"><\/div>\n\t\t\t\t\t<div class=\"dsm-business-hours-time\">12:00 - 22:00<\/div>\n\t\t\t\t<\/div>\n\t\t\t<\/div>\n\t\t\t\t<\/div>\n\t\t\t<\/div><div class=\"et_pb_module dsm_business_hours_child dsm_business_hours_child_5\">\n\t\t\t\t\n\t\t\t\t\n\t\t\t\t\n\t\t\t\t\n\t\t\t\t\n\t\t\t\t\n\t\t\t\t<div class=\"et_pb_module_inner\">\n\t\t\t\t\t\n\t\t\t\n\t\t\t<div class=\"dsm_business_hours_item_wrapper\">\n\t\t\t\t<div class=\"dsm-business-hours-header\">\n\t\t\t\t\t<div class=\"dsm-business-hours-day\">Sobota<\/div>\n\t\t\t\t\t<div class=\"dsm-business-hours-separator\"><\/div>\n\t\t\t\t\t<div class=\"dsm-business-hours-time\">12:00 - 23:00<\/div>\n\t\t\t\t<\/div>\n\t\t\t<\/div>\n\t\t\t\t<\/div>\n\t\t\t<\/div><div class=\"et_pb_module dsm_business_hours_child dsm_business_hours_child_6\">\n\t\t\t\t\n\t\t\t\t\n\t\t\t\t\n\t\t\t\t\n\t\t\t\t\n\t\t\t\t\n\t\t\t\t<div class=\"et_pb_module_inner\">\n\t\t\t\t\t\n\t\t\t\n\t\t\t<div class=\"dsm_business_hours_item_wrapper\">\n\t\t\t\t<div class=\"dsm-business-hours-header\">\n\t\t\t\t\t<div class=\"dsm-business-hours-day\">Nedelja<\/div>\n\t\t\t\t\t<div class=\"dsm-business-hours-separator\"><\/div>\n\t\t\t\t\t<div class=\"dsm-business-hours-time\">12:00 - 23:00<\/div>\n\t\t\t\t<\/div>\n\t\t\t<\/div>\n\t\t\t\t<\/div>\n\t\t\t<\/div>\n\t\t\t\t<\/div>\n\t\t\t<\/div>\u00a9 2025 Futurus d.o.o. &#8211; Pravno obvestiloProdukcija: &nbsp;<\/p>\n","protected":false},"author":1,"featured_media":428,"parent":0,"menu_order":3,"comment_status":"closed","ping_status":"closed","template":"","meta":{"_et_pb_use_builder":"on","_et_pb_old_content":"","_et_gb_content_width":"","footnotes":""},"class_list":["post-533","page","type-page","status-publish","has-post-thumbnail","hentry"],"aioseo_notices":[],"_links":{"self":[{"href":"https:\/\/www.pizzeriagallus.com\/en\/wp-json\/wp\/v2\/pages\/533","targetHints":{"allow":["GET"]}}],"collection":[{"href":"https:\/\/www.pizzeriagallus.com\/en\/wp-json\/wp\/v2\/pages"}],"about":[{"href":"https:\/\/www.pizzeriagallus.com\/en\/wp-json\/wp\/v2\/types\/page"}],"author":[{"embeddable":true,"href":"https:\/\/www.pizzeriagallus.com\/en\/wp-json\/wp\/v2\/users\/1"}],"replies":[{"embeddable":true,"href":"https:\/\/www.pizzeriagallus.com\/en\/wp-json\/wp\/v2\/comments?post=533"}],"version-history":[{"count":5,"href":"https:\/\/www.pizzeriagallus.com\/en\/wp-json\/wp\/v2\/pages\/533\/revisions"}],"predecessor-version":[{"id":552,"href":"https:\/\/www.pizzeriagallus.com\/en\/wp-json\/wp\/v2\/pages\/533\/revisions\/552"}],"wp:featuredmedia":[{"embeddable":true,"href":"https:\/\/www.pizzeriagallus.com\/en\/wp-json\/wp\/v2\/media\/428"}],"wp:attachment":[{"href":"https:\/\/www.pizzeriagallus.com\/en\/wp-json\/wp\/v2\/media?parent=533"}],"curies":[{"name":"wp","href":"https:\/\/api.w.org\/{rel}","templated":true}]}}